







{"id":1317,"date":"2024-04-22T15:39:08","date_gmt":"2024-04-22T15:39:08","guid":{"rendered":"https:\/\/overqvyc.com\/?page_id=1317"},"modified":"2024-06-20T16:18:27","modified_gmt":"2024-06-20T16:18:27","slug":"cookies","status":"publish","type":"page","link":"https:\/\/overqvyc.com\/index.php\/cookies\/","title":{"rendered":"Cookies"},"content":{"rendered":"\n<p>Una cookie es un fichero que se descarga en el ordenador\/smartphone\/tablet del usuario al acceder a determinadas p\u00e1ginas web para almacenar y recuperar informaci\u00f3n sobre la navegaci\u00f3n que se efect\u00faa desde dicho equipo. Para conocer m\u00e1s informaci\u00f3n sobre las cookies, Davalia Travel le invita a acceder al siguiente enlace:&nbsp;<a href=\"http:\/\/www.iabspain.net\/privacidadeninternet\/usuario\">http:\/\/www.iabspain.net\/privacidadeninternet\/usuario<\/a>.<\/p>\n\n\n\n<p>Este sitio web utiliza las siguientes cookies que se detallan en el cuadro siguiente:<\/p>\n\n\n\n<ul class=\"wp-block-list\">\n<li>cookies estrictamente necesarias para la prestaci\u00f3n de determinados servicios solicitados expresamente por el usuario: si se desactivan estas cookies, no podr\u00e1 recibir correctamente nuestros contenidos y servicios; y<\/li>\n\n\n\n<li>cookies anal\u00edticas (para el seguimiento y an\u00e1lisis estad\u00edstico del comportamiento del conjunto de los usuarios), publicitarias (para la gesti\u00f3n de los espacios publicitarios en base a criterios como la frecuencia en la que se muestran los anuncios) y comportamentales (para la gesti\u00f3n de los espacios publicitarios seg\u00fan el perfil espec\u00edfico del usuario): si se desactivan estas cookies, el sitio web podr\u00e1 seguir funcionando sin perjuicio de que la informaci\u00f3n captada por estas cookies sobre el uso de nuestra web y sobre el \u00e9xito de los anuncios mostrados en ella permite mejorar nuestros servicios y obtener ingresos que nos permiten ofrecerle de forma gratuita muchos contenidos.<\/li>\n\n\n\n<li>Cookies publicitarias: Son aqu\u00e9llas que, bien tratadas por nosotros o por terceros, nos permiten gestionar de la forma m\u00e1s eficaz posible la oferta de los espacios publicitarios que hay en el sitio web, adecuando el contenido del anuncio al contenido del servicio solicitado o al uso que realizas de nuestra p\u00e1gina Web. Para ello podemos analizar tus h\u00e1bitos de navegaci\u00f3n en Internet y podemos mostrarle publicidad relacionada con tu perfil de navegaci\u00f3n.<\/li>\n\n\n\n<li>Cookies de redes sociales: Son una clase de cookies t\u00e9cnicas que te permiten compartir nuestro contenido a trav\u00e9s de las redes sociales de las que eres miembro. Son gestionadas directamente por la red social elegida y sin ellas ser\u00eda imposible que compartieras con tus amigos y conocidos la informaci\u00f3n que te mostramos.<\/li>\n\n\n\n<li>Cookies de publicidad comportamental: estas cookies le permiten almacenar informaci\u00f3n sobre la navegaci\u00f3n de los usuarios a trav\u00e9s de una \u00fanica sesi\u00f3n de navegaci\u00f3n, presentando anuncios relacionados directamente con sus intereses o sus b\u00fasquedas anteriores en otros sitios web.<\/li>\n<\/ul>\n\n\n\n<figure class=\"wp-block-table\"><table><thead><tr><th>Nombre Cookie<\/th><th>Responsable Cookie<\/th><th>Descripci\u00f3n<\/th><th>Tipo de Cookie<\/th><\/tr><\/thead><tbody><tr><td>twsSetting<\/td><td>Davalia Travel<\/td><td>Preferencias del usuario (idioma, moneda, etc)<\/td><td>Cookie Esencial<\/td><\/tr><tr><td>bookingDataTWS<\/td><td>Davalia Travel<\/td><td>Preferencias del usuario (idioma, moneda, etc)<\/td><td>Cookie Esencial<\/td><\/tr><tr><td>oauthTWS<\/td><td>Davalia Travel<\/td><td>Identificador de session.<\/td><td>Cookie Esencial<\/td><\/tr><\/tbody><\/table><\/figure>\n\n\n\n<p>(*) La informaci\u00f3n obtenida a trav\u00e9s de estas cookies, referida al equipo del usuario, podr\u00e1 ser combinada con sus datos personales s\u00f3lo si Ud. est\u00e1 registrado en este sitio web.<\/p>\n\n\n\n<p>(**) DESACTIVACI\u00d3N DE COOKIES. El usuario podr\u00e1 -en cualquier momento- elegir qu\u00e9 cookies quiere que funcionen en este sitio web mediante:<\/p>\n\n\n\n<ul class=\"wp-block-list\">\n<li>la configuraci\u00f3n del navegador; por ejemplo::\n<ul class=\"wp-block-list\">\n<li><strong>Chrome<\/strong>, desde\u00a0<a href=\"https:\/\/support.google.com\/chrome\/answer\/95647?hl=en\">https:\/\/support.google.com\/chrome\/answer\/95647?hl=en<\/a><\/li>\n\n\n\n<li><strong>Explorer<\/strong>, desde\u00a0<a href=\"https:\/\/support.microsoft.com\/en-us\/help\/17442\/windows-internet-explorer-delete-manage-cookies\">https:\/\/support.microsoft.com\/en-us\/help\/17442\/windows-internet-explorer-delete-manage-cookies<\/a><\/li>\n\n\n\n<li><strong>Firefox<\/strong>, desde\u00a0<a href=\"https:\/\/support.mozilla.org\/en-US\/kb\/enable-and-disable-cookies-website-preferences\">https:\/\/support.mozilla.org\/en-US\/kb\/enable-and-disable-cookies-website-preferences<\/a><\/li>\n\n\n\n<li><strong>Safari<\/strong>, desde\u00a0<a href=\"https:\/\/support.apple.com\/es-es\/guide\/safari\/sfri11471\/mac\">https:\/\/support.apple.com\/es-es\/guide\/safari\/sfri11471\/mac<\/a><\/li>\n\n\n\n<li><strong>Opera<\/strong>, desde\u00a0<a href=\"http:\/\/blogs.opera.com\/news\/2015\/08\/how-to-manage-cookies-in-opera\/\">http:\/\/blogs.opera.com\/news\/2015\/08\/how-to-manage-cookies-in-opera\/<\/a><\/li>\n<\/ul>\n<\/li>\n\n\n\n<li>los sistemas de opt-out espec\u00edficos indicados en la tabla anterior respecto de la cookie de que se trate (estos sistemas pueden conllevar que se instale en su equipo una cookie &#8216;de rechazo&#8217; para que funcione su elecci\u00f3n de desactivaci\u00f3n); o<\/li>\n\n\n\n<li>otras herramientas de terceros, disponibles on line, que permiten a los usuarios detectar las cookies en cada sitio web que visita y gestionar su desactivaci\u00f3n (por ejemplo, Ghostery:\u00a0<a href=\"https:\/\/www.ghostery.com\/about-ghostery\/privacy-statements\/\" target=\"_blank\" rel=\"noreferrer noopener\">https:\/\/www.ghostery.com\/about-ghostery\/privacy-statements\/<\/a>,\u00a0<a href=\"http:\/\/www.ghostery.com\/faq\" target=\"_blank\" rel=\"noreferrer noopener\">http:\/\/www.ghostery.com\/faq<\/a>\u00a0).<\/li>\n<\/ul>\n\n\n\n<p>Davalia Travel no se hace responsable del contenido y veracidad de las pol\u00edticas de privacidad de los terceros incluidas en esta pol\u00edtica de cookies.<\/p>\n\n\n\n<p>Si tiene dudas sobre esta pol\u00edtica de cookies, puede contactar con nosotros en overqvyc@gmail.com<\/p>\n","protected":false},"excerpt":{"rendered":"<p>Una cookie es un fichero que se descarga en el ordenador\/smartphone\/tablet del usuario al acceder a determinadas p\u00e1ginas web para almacenar y recuperar informaci\u00f3n sobre la navegaci\u00f3n que se efect\u00faa desde dicho equipo. Para conocer m\u00e1s informaci\u00f3n sobre las cookies, Davalia Travel le invita a acceder al siguiente enlace:&nbsp;http:\/\/www.iabspain.net\/privacidadeninternet\/usuario. Este sitio web utiliza las siguientes &hellip;<\/p>\n<p class=\"read-more\"> <a class=\"\" href=\"https:\/\/overqvyc.com\/index.php\/cookies\/\"> <span class=\"screen-reader-text\">Cookies<\/span> Leer m\u00e1s &raquo;<\/a><\/p>\n","protected":false},"author":1,"featured_media":0,"parent":0,"menu_order":0,"comment_status":"closed","ping_status":"closed","template":"","meta":{"_acf_changed":false,"om_disable_all_campaigns":false,"_monsterinsights_skip_tracking":false,"_monsterinsights_sitenote_active":false,"_monsterinsights_sitenote_note":"","_monsterinsights_sitenote_category":0,"footnotes":""},"class_list":["post-1317","page","type-page","status-publish","hentry"],"acf":[],"aioseo_notices":[],"jetpack_sharing_enabled":true,"_links":{"self":[{"href":"https:\/\/overqvyc.com\/index.php\/wp-json\/wp\/v2\/pages\/1317","targetHints":{"allow":["GET"]}}],"collection":[{"href":"https:\/\/overqvyc.com\/index.php\/wp-json\/wp\/v2\/pages"}],"about":[{"href":"https:\/\/overqvyc.com\/index.php\/wp-json\/wp\/v2\/types\/page"}],"author":[{"embeddable":true,"href":"https:\/\/overqvyc.com\/index.php\/wp-json\/wp\/v2\/users\/1"}],"replies":[{"embeddable":true,"href":"https:\/\/overqvyc.com\/index.php\/wp-json\/wp\/v2\/comments?post=1317"}],"version-history":[{"count":1,"href":"https:\/\/overqvyc.com\/index.php\/wp-json\/wp\/v2\/pages\/1317\/revisions"}],"predecessor-version":[{"id":1318,"href":"https:\/\/overqvyc.com\/index.php\/wp-json\/wp\/v2\/pages\/1317\/revisions\/1318"}],"wp:attachment":[{"href":"https:\/\/overqvyc.com\/index.php\/wp-json\/wp\/v2\/media?parent=1317"}],"curies":[{"name":"wp","href":"https:\/\/api.w.org\/{rel}","templated":true}]}}