







{"id":5539,"date":"2025-04-02T15:14:34","date_gmt":"2025-04-02T15:14:34","guid":{"rendered":"https:\/\/overqvyc.com\/?page_id=5539"},"modified":"2025-04-02T18:36:32","modified_gmt":"2025-04-02T18:36:32","slug":"travelpoint-info","status":"publish","type":"page","link":"https:\/\/overqvyc.com\/index.php\/travelpoint-info\/","title":{"rendered":"Travelpoint Info"},"content":{"rendered":"\t\t<div data-elementor-type=\"wp-page\" data-elementor-id=\"5539\" class=\"elementor elementor-5539\" data-elementor-post-type=\"page\">\n\t\t\t\t\t\t<section class=\"elementor-section elementor-top-section elementor-element elementor-element-302a838 elementor-section-boxed elementor-section-height-default elementor-section-height-default\" data-id=\"302a838\" data-element_type=\"section\" data-settings=\"{&quot;background_background&quot;:&quot;classic&quot;}\">\n\t\t\t\t\t\t<div class=\"elementor-container elementor-column-gap-default\">\n\t\t\t\t\t<div class=\"elementor-column elementor-col-100 elementor-top-column elementor-element elementor-element-b598de8\" data-id=\"b598de8\" data-element_type=\"column\">\n\t\t\t<div class=\"elementor-widget-wrap elementor-element-populated\">\n\t\t\t\t\t\t<div class=\"elementor-element elementor-element-b156b72 elementor-widget elementor-widget-image\" data-id=\"b156b72\" data-element_type=\"widget\" data-widget_type=\"image.default\">\n\t\t\t\t<div class=\"elementor-widget-container\">\n\t\t\t\t\t\t\t\t\t\t\t\t\t\t\t<img decoding=\"async\" width=\"463\" height=\"83\" src=\"https:\/\/overqvyc.com\/wp-content\/uploads\/2025\/03\/logo1-travel2.png\" class=\"attachment-large size-large wp-image-5505\" alt=\"\" srcset=\"https:\/\/overqvyc.com\/wp-content\/uploads\/2025\/03\/logo1-travel2.png 463w, https:\/\/overqvyc.com\/wp-content\/uploads\/2025\/03\/logo1-travel2-300x54.png 300w\" sizes=\"(max-width: 463px) 100vw, 463px\" \/>\t\t\t\t\t\t\t\t\t\t\t\t\t\t\t<\/div>\n\t\t\t\t<\/div>\n\t\t\t\t\t<\/div>\n\t\t<\/div>\n\t\t\t\t\t<\/div>\n\t\t<\/section>\n\t\t\t\t<section class=\"elementor-section elementor-top-section elementor-element elementor-element-d0bb38d elementor-section-boxed elementor-section-height-default elementor-section-height-default\" data-id=\"d0bb38d\" data-element_type=\"section\">\n\t\t\t\t\t\t<div class=\"elementor-container elementor-column-gap-default\">\n\t\t\t\t\t<div class=\"elementor-column elementor-col-100 elementor-top-column elementor-element elementor-element-851248b\" data-id=\"851248b\" data-element_type=\"column\">\n\t\t\t<div class=\"elementor-widget-wrap elementor-element-populated\">\n\t\t\t\t\t\t<div class=\"elementor-element elementor-element-dc01577 elementor-widget elementor-widget-accordion\" data-id=\"dc01577\" data-element_type=\"widget\" data-widget_type=\"accordion.default\">\n\t\t\t\t<div class=\"elementor-widget-container\">\n\t\t\t\t\t\t\t<div class=\"elementor-accordion\">\n\t\t\t\t\t\t\t<div class=\"elementor-accordion-item\">\n\t\t\t\t\t<div id=\"elementor-tab-title-2301\" class=\"elementor-tab-title\" data-tab=\"1\" role=\"button\" aria-controls=\"elementor-tab-content-2301\" aria-expanded=\"false\">\n\t\t\t\t\t\t\t\t\t\t\t\t\t<span class=\"elementor-accordion-icon elementor-accordion-icon-left\" aria-hidden=\"true\">\n\t\t\t\t\t\t\t\t\t\t\t\t\t\t\t<span class=\"elementor-accordion-icon-closed\"><i class=\"fas fa-chevron-down\"><\/i><\/span>\n\t\t\t\t\t\t\t\t<span class=\"elementor-accordion-icon-opened\"><i class=\"fas fa-chevron-up\"><\/i><\/span>\n\t\t\t\t\t\t\t\t\t\t\t\t\t\t<\/span>\n\t\t\t\t\t\t\t\t\t\t\t\t<a class=\"elementor-accordion-title\" tabindex=\"0\">\u00bfQu\u00e9 es TravelPoints?<\/a>\n\t\t\t\t\t<\/div>\n\t\t\t\t\t<div id=\"elementor-tab-content-2301\" class=\"elementor-tab-content elementor-clearfix\" data-tab=\"1\" role=\"region\" aria-labelledby=\"elementor-tab-title-2301\"><p><strong>TravelPoints<\/strong>, es el innovador sistema de acumulaci\u00f3n de puntos dise\u00f1ado para fomentar la fidelizaci\u00f3n de futuros clientes, empleados y comerciantes. Con TravelPoints, cada compra de los servicios de la agencia de viajes <strong>OVERQ VYC<\/strong> y <strong>CCS Business<\/strong>, te permite acumular puntos. Estos puntos pueden ser canjeados para disfrutar de viajes de ensue\u00f1o junto a tus familiares e incluso para tus trabajadores.<\/p><\/div>\n\t\t\t\t<\/div>\n\t\t\t\t\t\t\t<div class=\"elementor-accordion-item\">\n\t\t\t\t\t<div id=\"elementor-tab-title-2302\" class=\"elementor-tab-title\" data-tab=\"2\" role=\"button\" aria-controls=\"elementor-tab-content-2302\" aria-expanded=\"false\">\n\t\t\t\t\t\t\t\t\t\t\t\t\t<span class=\"elementor-accordion-icon elementor-accordion-icon-left\" aria-hidden=\"true\">\n\t\t\t\t\t\t\t\t\t\t\t\t\t\t\t<span class=\"elementor-accordion-icon-closed\"><i class=\"fas fa-chevron-down\"><\/i><\/span>\n\t\t\t\t\t\t\t\t<span class=\"elementor-accordion-icon-opened\"><i class=\"fas fa-chevron-up\"><\/i><\/span>\n\t\t\t\t\t\t\t\t\t\t\t\t\t\t<\/span>\n\t\t\t\t\t\t\t\t\t\t\t\t<a class=\"elementor-accordion-title\" tabindex=\"0\">\u00bfComo funciona?<\/a>\n\t\t\t\t\t<\/div>\n\t\t\t\t\t<div id=\"elementor-tab-content-2302\" class=\"elementor-tab-content elementor-clearfix\" data-tab=\"2\" role=\"region\" aria-labelledby=\"elementor-tab-title-2302\"><p class=\"\" data-start=\"77\" data-end=\"264\"><strong data-start=\"77\" data-end=\"101\">\u2705Publicidad y acceso:<\/strong> Podr\u00e1s encontrar publicidad de TravelPoint en distintos comercios. Desde ah\u00ed, acceder\u00e1s f\u00e1cilmente a nuestro WhatsApp para conocer m\u00e1s sobre nuestros servicios.<\/p><p class=\"\" data-start=\"266\" data-end=\"465\"><strong data-start=\"266\" data-end=\"292\">\u2705Beneficios por compra:<\/strong> Cada vez que adquieras un servicio de nuestra agencia de viajes, acumular\u00e1s puntos de fidelidad que podr\u00e1s canjear por descuentos o incluso por una nueva aventura gratis.<\/p><p class=\"\" data-start=\"467\" data-end=\"638\"><strong data-start=\"467\" data-end=\"490\">\u2705Gana con referidos:<\/strong> Comparte tu experiencia con amigos y familiares. Si ellos compran un servicio a trav\u00e9s de tu recomendaci\u00f3n, ambos recibir\u00e1n puntos de recompensa.<\/p><\/div>\n\t\t\t\t<\/div>\n\t\t\t\t\t\t\t<div class=\"elementor-accordion-item\">\n\t\t\t\t\t<div id=\"elementor-tab-title-2303\" class=\"elementor-tab-title\" data-tab=\"3\" role=\"button\" aria-controls=\"elementor-tab-content-2303\" aria-expanded=\"false\">\n\t\t\t\t\t\t\t\t\t\t\t\t\t<span class=\"elementor-accordion-icon elementor-accordion-icon-left\" aria-hidden=\"true\">\n\t\t\t\t\t\t\t\t\t\t\t\t\t\t\t<span class=\"elementor-accordion-icon-closed\"><i class=\"fas fa-chevron-down\"><\/i><\/span>\n\t\t\t\t\t\t\t\t<span class=\"elementor-accordion-icon-opened\"><i class=\"fas fa-chevron-up\"><\/i><\/span>\n\t\t\t\t\t\t\t\t\t\t\t\t\t\t<\/span>\n\t\t\t\t\t\t\t\t\t\t\t\t<a class=\"elementor-accordion-title\" tabindex=\"0\">\u00bfQue productos puedo canjear?<\/a>\n\t\t\t\t\t<\/div>\n\t\t\t\t\t<div id=\"elementor-tab-content-2303\" class=\"elementor-tab-content elementor-clearfix\" data-tab=\"3\" role=\"region\" aria-labelledby=\"elementor-tab-title-2303\"><ul data-start=\"86\" data-end=\"1004\"><li class=\"\" data-start=\"86\" data-end=\"185\"><p class=\"\" data-start=\"88\" data-end=\"185\">\ud83c\udfe8 <strong data-start=\"91\" data-end=\"106\">Hospedajes:<\/strong> Solo desayuno, Media pensi\u00f3n, Pensi\u00f3n completa, Todo incluido, Pet-friendly.<\/p><\/li><li class=\"\" data-start=\"186\" data-end=\"271\"><p class=\"\" data-start=\"188\" data-end=\"271\">\ud83d\udee1\ufe0f <strong data-start=\"192\" data-end=\"217\">Seguros y asistencia:<\/strong> Seguros de viajes, Acompa\u00f1amiento en el aeropuerto.<\/p><\/li><li class=\"\" data-start=\"272\" data-end=\"315\"><p class=\"\" data-start=\"274\" data-end=\"315\">\ud83d\ude97 <strong data-start=\"277\" data-end=\"291\">Traslados:<\/strong> Ejecutivos, Alquiler.<\/p><\/li><li class=\"\" data-start=\"316\" data-end=\"373\"><p class=\"\" data-start=\"318\" data-end=\"373\">\u2708\ufe0f <strong data-start=\"321\" data-end=\"335\">Boleter\u00eda:<\/strong> Nacional e internacional, Mar\u00edtima.<\/p><\/li><li class=\"\" data-start=\"374\" data-end=\"450\"><p class=\"\" data-start=\"376\" data-end=\"450\">\ud83c\udf0d <strong data-start=\"379\" data-end=\"400\">Viajes y turismo:<\/strong> Paquetes tur\u00edsticos, Gesti\u00f3n de visa, Cruceros.<\/p><\/li><li class=\"\" data-start=\"451\" data-end=\"525\"><p class=\"\" data-start=\"453\" data-end=\"525\">\ud83c\udf9f\ufe0f <strong data-start=\"457\" data-end=\"485\">Entradas y experiencias:<\/strong> Parques tem\u00e1ticos, Parques acu\u00e1ticos.<\/p><\/li><li class=\"\" data-start=\"526\" data-end=\"672\"><p class=\"\" data-start=\"528\" data-end=\"672\">\ud83c\udfe2 <strong data-start=\"531\" data-end=\"565\">Eventos y viajes corporativos:<\/strong> Eventos corporativos, Viajes corporativos, Producci\u00f3n de eventos, Conferencias, Expo ferias, Networking.<\/p><\/li><li class=\"\" data-start=\"673\" data-end=\"805\"><p class=\"\" data-start=\"675\" data-end=\"805\">\ud83c\udf89 <strong data-start=\"678\" data-end=\"712\">Celebraciones y planificaci\u00f3n:<\/strong> Bodas, Cumplea\u00f1os, Quincea\u00f1os, Planificaci\u00f3n de eventos, Decoraci\u00f3n de espacios, Catering.<\/p><\/li><li class=\"\" data-start=\"806\" data-end=\"872\"><p class=\"\" data-start=\"808\" data-end=\"872\">\ud83d\udcda <strong data-start=\"811\" data-end=\"840\">Capacitaci\u00f3n y formaci\u00f3n:<\/strong> Seminarios, Talleres, Cursos.<\/p><\/li><li class=\"\" data-start=\"873\" data-end=\"926\"><p class=\"\" data-start=\"875\" data-end=\"926\">\ud83d\udcf8 <strong data-start=\"878\" data-end=\"907\">Experiencias adicionales:<\/strong> Sesi\u00f3n de fotos.<\/p><\/li><li class=\"\" data-start=\"927\" data-end=\"1004\"><p class=\"\" data-start=\"929\" data-end=\"1004\">\ud83d\ude99 <strong data-start=\"932\" data-end=\"952\">Otros servicios:<\/strong> Alquiler de autos, Full days, Excursiones, Tours.<\/p><\/li><\/ul><\/div>\n\t\t\t\t<\/div>\n\t\t\t\t\t\t\t<div class=\"elementor-accordion-item\">\n\t\t\t\t\t<div id=\"elementor-tab-title-2304\" class=\"elementor-tab-title\" data-tab=\"4\" role=\"button\" aria-controls=\"elementor-tab-content-2304\" aria-expanded=\"false\">\n\t\t\t\t\t\t\t\t\t\t\t\t\t<span class=\"elementor-accordion-icon elementor-accordion-icon-left\" aria-hidden=\"true\">\n\t\t\t\t\t\t\t\t\t\t\t\t\t\t\t<span class=\"elementor-accordion-icon-closed\"><i class=\"fas fa-chevron-down\"><\/i><\/span>\n\t\t\t\t\t\t\t\t<span class=\"elementor-accordion-icon-opened\"><i class=\"fas fa-chevron-up\"><\/i><\/span>\n\t\t\t\t\t\t\t\t\t\t\t\t\t\t<\/span>\n\t\t\t\t\t\t\t\t\t\t\t\t<a class=\"elementor-accordion-title\" tabindex=\"0\">T\u00e9rminos y Condiciones<\/a>\n\t\t\t\t\t<\/div>\n\t\t\t\t\t<div id=\"elementor-tab-content-2304\" class=\"elementor-tab-content elementor-clearfix\" data-tab=\"4\" role=\"region\" aria-labelledby=\"elementor-tab-title-2304\"><ul data-start=\"99\" data-end=\"943\"><li class=\"\" data-start=\"99\" data-end=\"299\"><p class=\"\" data-start=\"101\" data-end=\"155\">Para canjear tus puntos, debes hacerlo con al menos:<\/p><ul data-start=\"158\" data-end=\"299\"><li class=\"\" data-start=\"158\" data-end=\"231\"><p class=\"\" data-start=\"160\" data-end=\"231\"><strong data-start=\"160\" data-end=\"185\">15 d\u00edas de antelaci\u00f3n<\/strong> para servicios de la <strong data-start=\"207\" data-end=\"228\">agencia de viajes<\/strong>.<\/p><\/li><li class=\"\" data-start=\"234\" data-end=\"299\"><p class=\"\" data-start=\"236\" data-end=\"299\"><strong data-start=\"236\" data-end=\"261\">2 meses de antelaci\u00f3n<\/strong> para servicios de <strong data-start=\"280\" data-end=\"296\">CCS Business<\/strong>.<\/p><\/li><\/ul><\/li><li class=\"\" data-start=\"300\" data-end=\"452\"><p class=\"\" data-start=\"302\" data-end=\"452\">Si no cuentas con los puntos suficientes para un servicio, puedes completar la cantidad faltante con dinero. Cada punto tiene un valor de <strong data-start=\"440\" data-end=\"449\">$0.70<\/strong>.<\/p><\/li><li class=\"\" data-start=\"453\" data-end=\"598\"><p class=\"\" data-start=\"455\" data-end=\"598\">Los puntos acumulados deben ser utilizados dentro del mismo a\u00f1o. Si no se usan, <strong data-start=\"535\" data-end=\"595\">caducar\u00e1n autom\u00e1ticamente el 14 de diciembre de cada a\u00f1o<\/strong>.<\/p><\/li><li class=\"\" data-start=\"599\" data-end=\"716\"><p class=\"\" data-start=\"601\" data-end=\"716\">Los puntos <strong data-start=\"612\" data-end=\"636\">no son transferibles<\/strong> a personas que no est\u00e9n en el listado de beneficiarios previamente entregado.<\/p><\/li><li class=\"\" data-start=\"717\" data-end=\"841\"><p class=\"\" data-start=\"719\" data-end=\"841\">El beneficiario asignado por el comercio podr\u00e1 llevar a un <strong data-start=\"778\" data-end=\"798\">familiar directo<\/strong> (pap\u00e1, mam\u00e1, hermanos, hijos o c\u00f3nyuge).<\/p><\/li><li class=\"\" data-start=\"842\" data-end=\"908\"><p class=\"\" data-start=\"844\" data-end=\"908\">Los puntos canjeables <strong data-start=\"866\" data-end=\"890\">no son reembolsables<\/strong>, sin excepci\u00f3n.<\/p><\/li><li class=\"\" data-start=\"909\" data-end=\"943\"><p class=\"\" style=\"text-align: left;\" data-start=\"911\" data-end=\"943\">Los puntos <strong data-start=\"922\" data-end=\"940\">son heredables<\/strong>.<\/p><\/li><\/ul><\/div>\n\t\t\t\t<\/div>\n\t\t\t\t\t\t\t\t<\/div>\n\t\t\t\t\t\t<\/div>\n\t\t\t\t<\/div>\n\t\t\t\t<div class=\"elementor-element elementor-element-55586a5 elementor-widget elementor-widget-accordion\" data-id=\"55586a5\" data-element_type=\"widget\" data-widget_type=\"accordion.default\">\n\t\t\t\t<div class=\"elementor-widget-container\">\n\t\t\t\t\t\t\t<div class=\"elementor-accordion\">\n\t\t\t\t\t\t\t<div class=\"elementor-accordion-item\">\n\t\t\t\t\t<div id=\"elementor-tab-title-8941\" class=\"elementor-tab-title\" data-tab=\"1\" role=\"button\" aria-controls=\"elementor-tab-content-8941\" aria-expanded=\"false\">\n\t\t\t\t\t\t\t\t\t\t\t\t\t<span class=\"elementor-accordion-icon elementor-accordion-icon-left\" aria-hidden=\"true\">\n\t\t\t\t\t\t\t\t\t\t\t\t\t\t\t<span class=\"elementor-accordion-icon-closed\"><i class=\"fas fa-chevron-down\"><\/i><\/span>\n\t\t\t\t\t\t\t\t<span class=\"elementor-accordion-icon-opened\"><i class=\"fas fa-chevron-up\"><\/i><\/span>\n\t\t\t\t\t\t\t\t\t\t\t\t\t\t<\/span>\n\t\t\t\t\t\t\t\t\t\t\t\t<a class=\"elementor-accordion-title\" tabindex=\"0\">TravelPoints (Comercios)<\/a>\n\t\t\t\t\t<\/div>\n\t\t\t\t\t<div id=\"elementor-tab-content-8941\" class=\"elementor-tab-content elementor-clearfix\" data-tab=\"1\" role=\"region\" aria-labelledby=\"elementor-tab-title-8941\"><p class=\"\" data-start=\"130\" data-end=\"264\">Ser parte del proyecto <strong data-start=\"153\" data-end=\"170\">Travel Points<\/strong> te brinda m\u00faltiples ventajas sin complicaciones. Algunos de los principales beneficios son:<\/p><p class=\"\" data-start=\"266\" data-end=\"834\">\u2705 <strong data-start=\"268\" data-end=\"292\">F\u00e1cil participaci\u00f3n:<\/strong> Solo necesitas exhibir la publicidad de Travel Points en tu negocio, sin papeleos ni tr\u00e1mites engorrosos.<\/p><p class=\"\" data-start=\"266\" data-end=\"834\">\u2705 <strong data-start=\"403\" data-end=\"427\">Publicidad gratuita:<\/strong> Recibir\u00e1s material promocional y un c\u00f3digo QR sin costos iniciales.<\/p><p class=\"\" data-start=\"266\" data-end=\"834\">\u2705 <strong data-start=\"500\" data-end=\"527\">Gana puntos por ventas:<\/strong> Cada vez que un cliente compre un servicio a trav\u00e9s de tu QR, acumular\u00e1s puntos que podr\u00e1s canjear por experiencias y beneficios.<\/p><p class=\"\" data-start=\"266\" data-end=\"834\">\u2705 <strong data-start=\"662\" data-end=\"691\">Sin riesgos ni inversi\u00f3n:<\/strong> No necesitas realizar ninguna inversi\u00f3n para participar, solo disfrutar de los beneficios mientras aumentas tus ventas y fidelizas clientes.<\/p><\/div>\n\t\t\t\t<\/div>\n\t\t\t\t\t\t\t<div class=\"elementor-accordion-item\">\n\t\t\t\t\t<div id=\"elementor-tab-title-8942\" class=\"elementor-tab-title\" data-tab=\"2\" role=\"button\" aria-controls=\"elementor-tab-content-8942\" aria-expanded=\"false\">\n\t\t\t\t\t\t\t\t\t\t\t\t\t<span class=\"elementor-accordion-icon elementor-accordion-icon-left\" aria-hidden=\"true\">\n\t\t\t\t\t\t\t\t\t\t\t\t\t\t\t<span class=\"elementor-accordion-icon-closed\"><i class=\"fas fa-chevron-down\"><\/i><\/span>\n\t\t\t\t\t\t\t\t<span class=\"elementor-accordion-icon-opened\"><i class=\"fas fa-chevron-up\"><\/i><\/span>\n\t\t\t\t\t\t\t\t\t\t\t\t\t\t<\/span>\n\t\t\t\t\t\t\t\t\t\t\t\t<a class=\"elementor-accordion-title\" tabindex=\"0\">\u00bfComo funciona?<\/a>\n\t\t\t\t\t<\/div>\n\t\t\t\t\t<div id=\"elementor-tab-content-8942\" class=\"elementor-tab-content elementor-clearfix\" data-tab=\"2\" role=\"region\" aria-labelledby=\"elementor-tab-title-8942\"><p class=\"\" data-start=\"868\" data-end=\"1076\">\ud83d\udce2 <strong data-start=\"871\" data-end=\"893\">Publicidad visible<\/strong><br data-start=\"893\" data-end=\"896\" \/>Coloca la publicidad de Travel Points (sticker o hablador) en un lugar accesible de tu negocio. Esto permitir\u00e1 que los clientes la vean y puedan escanear el c\u00f3digo QR f\u00e1cilmente.<\/p><p class=\"\" data-start=\"1078\" data-end=\"1276\">\ud83d\udcf2 <strong data-start=\"1081\" data-end=\"1094\">C\u00f3digo QR<\/strong><br data-start=\"1094\" data-end=\"1097\" \/>Cuando un cliente escanee el QR, se generar\u00e1 un mensaje autom\u00e1tico con el nombre de tu comercio. Un asesor de viajes lo atender\u00e1 y registrar\u00e1 la informaci\u00f3n en la base de datos.<\/p><p class=\"\" data-start=\"1278\" data-end=\"1445\">\ud83c\udf81 <strong data-start=\"1281\" data-end=\"1306\">Acumulaci\u00f3n de puntos<\/strong><br data-start=\"1306\" data-end=\"1309\" \/>Cada vez que un cliente realice una compra a trav\u00e9s de tu QR, recibir\u00e1s un mensaje en WhatsApp inform\u00e1ndote cu\u00e1ntos puntos has ganado.<\/p><\/div>\n\t\t\t\t<\/div>\n\t\t\t\t\t\t\t<div class=\"elementor-accordion-item\">\n\t\t\t\t\t<div id=\"elementor-tab-title-8943\" class=\"elementor-tab-title\" data-tab=\"3\" role=\"button\" aria-controls=\"elementor-tab-content-8943\" aria-expanded=\"false\">\n\t\t\t\t\t\t\t\t\t\t\t\t\t<span class=\"elementor-accordion-icon elementor-accordion-icon-left\" aria-hidden=\"true\">\n\t\t\t\t\t\t\t\t\t\t\t\t\t\t\t<span class=\"elementor-accordion-icon-closed\"><i class=\"fas fa-chevron-down\"><\/i><\/span>\n\t\t\t\t\t\t\t\t<span class=\"elementor-accordion-icon-opened\"><i class=\"fas fa-chevron-up\"><\/i><\/span>\n\t\t\t\t\t\t\t\t\t\t\t\t\t\t<\/span>\n\t\t\t\t\t\t\t\t\t\t\t\t<a class=\"elementor-accordion-title\" tabindex=\"0\">Requisitos<\/a>\n\t\t\t\t\t<\/div>\n\t\t\t\t\t<div id=\"elementor-tab-content-8943\" class=\"elementor-tab-content elementor-clearfix\" data-tab=\"3\" role=\"region\" aria-labelledby=\"elementor-tab-title-8943\"><ul><li class=\"\" data-start=\"73\" data-end=\"97\"><p class=\"\" data-start=\"76\" data-end=\"97\"><strong data-start=\"76\" data-end=\"95\">Rif digital<\/strong><\/p><\/li><li class=\"\" data-start=\"98\" data-end=\"125\"><p class=\"\" data-start=\"101\" data-end=\"125\"><strong data-start=\"101\" data-end=\"123\">Registro mercantil<\/strong><\/p><\/li><li class=\"\" data-start=\"126\" data-end=\"177\"><p class=\"\" data-start=\"129\" data-end=\"177\"><strong data-start=\"129\" data-end=\"175\">Copia de la c\u00e9dula del representante legal<\/strong><\/p><\/li><li class=\"\" data-start=\"178\" data-end=\"241\"><p class=\"\" data-start=\"181\" data-end=\"241\"><strong data-start=\"181\" data-end=\"215\">Listado de clientes frecuentes<\/strong> (m\u00e1ximo cinco clientes)<\/p><\/li><li class=\"\" data-start=\"242\" data-end=\"291\"><p class=\"\" data-start=\"245\" data-end=\"291\"><strong data-start=\"245\" data-end=\"289\">Listado de todos los empleados en n\u00f3mina<\/strong><\/p><\/li><li class=\"\" data-start=\"292\" data-end=\"361\"><p class=\"\" data-start=\"295\" data-end=\"361\"><strong data-start=\"295\" data-end=\"321\">Beneficiados directos:<\/strong> Pap\u00e1, mam\u00e1, hermanos, hijos y c\u00f3nyuge<\/p><\/li><li class=\"\" data-start=\"362\" data-end=\"469\"><p class=\"\" data-start=\"365\" data-end=\"469\"><strong data-start=\"365\" data-end=\"387\">Datos de contacto:<\/strong> Tel\u00e9fonos, direcci\u00f3n y correos electr\u00f3nicos de los representantes de la empresa<\/p><\/li><\/ul><\/div>\n\t\t\t\t<\/div>\n\t\t\t\t\t\t\t\t<\/div>\n\t\t\t\t\t\t<\/div>\n\t\t\t\t<\/div>\n\t\t\t\t\t<\/div>\n\t\t<\/div>\n\t\t\t\t\t<\/div>\n\t\t<\/section>\n\t\t\t\t<section class=\"elementor-section elementor-top-section elementor-element elementor-element-660098b elementor-section-boxed elementor-section-height-default elementor-section-height-default\" data-id=\"660098b\" data-element_type=\"section\">\n\t\t\t\t\t\t<div class=\"elementor-container elementor-column-gap-default\">\n\t\t\t\t\t<div class=\"elementor-column elementor-col-100 elementor-top-column elementor-element elementor-element-31437c0\" data-id=\"31437c0\" data-element_type=\"column\" data-settings=\"{&quot;background_background&quot;:&quot;classic&quot;}\">\n\t\t\t<div class=\"elementor-widget-wrap elementor-element-populated\">\n\t\t\t\t\t\t<div class=\"elementor-element elementor-element-202823f elementor-widget elementor-widget-heading\" data-id=\"202823f\" data-element_type=\"widget\" data-widget_type=\"heading.default\">\n\t\t\t\t<div class=\"elementor-widget-container\">\n\t\t\t\t\t<h3 class=\"elementor-heading-title elementor-size-default\">Se parte de nuestro sistema <b>TravelPoints<\/b>, cont\u00e1ctanos en cualquiera de nuestras redes sociales. \u00a1Unete ahora!<\/h3>\t\t\t\t<\/div>\n\t\t\t\t<\/div>\n\t\t\t\t<div class=\"elementor-element elementor-element-9f4a1e9 elementor-shape-rounded elementor-grid-0 e-grid-align-center elementor-widget elementor-widget-social-icons\" data-id=\"9f4a1e9\" data-element_type=\"widget\" data-widget_type=\"social-icons.default\">\n\t\t\t\t<div class=\"elementor-widget-container\">\n\t\t\t\t\t\t\t<div class=\"elementor-social-icons-wrapper elementor-grid\">\n\t\t\t\t\t\t\t<span class=\"elementor-grid-item\">\n\t\t\t\t\t<a class=\"elementor-icon elementor-social-icon elementor-social-icon-facebook elementor-repeater-item-d144f52\" href=\"https:\/\/www.facebook.com\/AgenciaOVERQ.ve\" target=\"_blank\">\n\t\t\t\t\t\t<span class=\"elementor-screen-only\">Facebook<\/span>\n\t\t\t\t\t\t<i class=\"fab fa-facebook\"><\/i>\t\t\t\t\t<\/a>\n\t\t\t\t<\/span>\n\t\t\t\t\t\t\t<span class=\"elementor-grid-item\">\n\t\t\t\t\t<a class=\"elementor-icon elementor-social-icon elementor-social-icon-whatsapp elementor-repeater-item-142bc4b\" href=\"https:\/\/api.whatsapp.com\/send\/?phone=584265770117&#038;text&#038;type=phone_number&#038;app_absent=0\" target=\"_blank\">\n\t\t\t\t\t\t<span class=\"elementor-screen-only\">Whatsapp<\/span>\n\t\t\t\t\t\t<i class=\"fab fa-whatsapp\"><\/i>\t\t\t\t\t<\/a>\n\t\t\t\t<\/span>\n\t\t\t\t\t\t\t<span class=\"elementor-grid-item\">\n\t\t\t\t\t<a class=\"elementor-icon elementor-social-icon elementor-social-icon-instagram elementor-repeater-item-5cf63ed\" href=\"https:\/\/www.instagram.com\/overq.vyc.es\/\" target=\"_blank\">\n\t\t\t\t\t\t<span class=\"elementor-screen-only\">Instagram<\/span>\n\t\t\t\t\t\t<i class=\"fab fa-instagram\"><\/i>\t\t\t\t\t<\/a>\n\t\t\t\t<\/span>\n\t\t\t\t\t<\/div>\n\t\t\t\t\t\t<\/div>\n\t\t\t\t<\/div>\n\t\t\t\t\t<\/div>\n\t\t<\/div>\n\t\t\t\t\t<\/div>\n\t\t<\/section>\n\t\t\t\t<\/div>\n\t\t","protected":false},"excerpt":{"rendered":"<p>\u00bfQu\u00e9 es TravelPoints? TravelPoints, es el innovador sistema de acumulaci\u00f3n de puntos dise\u00f1ado para fomentar la fidelizaci\u00f3n de futuros clientes, empleados y comerciantes. Con TravelPoints, cada compra de los servicios de la agencia de viajes OVERQ VYC y CCS Business, te permite acumular puntos. Estos puntos pueden ser canjeados para disfrutar de viajes de ensue\u00f1o &hellip;<\/p>\n<p class=\"read-more\"> <a class=\"\" href=\"https:\/\/overqvyc.com\/index.php\/travelpoint-info\/\"> <span class=\"screen-reader-text\">Travelpoint Info<\/span> Leer m\u00e1s &raquo;<\/a><\/p>\n","protected":false},"author":2,"featured_media":0,"parent":0,"menu_order":0,"comment_status":"closed","ping_status":"closed","template":"","meta":{"_acf_changed":false,"om_disable_all_campaigns":false,"_monsterinsights_skip_tracking":false,"_monsterinsights_sitenote_active":false,"_monsterinsights_sitenote_note":"","_monsterinsights_sitenote_category":0,"footnotes":""},"class_list":["post-5539","page","type-page","status-publish","hentry"],"acf":[],"aioseo_notices":[],"jetpack_sharing_enabled":true,"_links":{"self":[{"href":"https:\/\/overqvyc.com\/index.php\/wp-json\/wp\/v2\/pages\/5539","targetHints":{"allow":["GET"]}}],"collection":[{"href":"https:\/\/overqvyc.com\/index.php\/wp-json\/wp\/v2\/pages"}],"about":[{"href":"https:\/\/overqvyc.com\/index.php\/wp-json\/wp\/v2\/types\/page"}],"author":[{"embeddable":true,"href":"https:\/\/overqvyc.com\/index.php\/wp-json\/wp\/v2\/users\/2"}],"replies":[{"embeddable":true,"href":"https:\/\/overqvyc.com\/index.php\/wp-json\/wp\/v2\/comments?post=5539"}],"version-history":[{"count":109,"href":"https:\/\/overqvyc.com\/index.php\/wp-json\/wp\/v2\/pages\/5539\/revisions"}],"predecessor-version":[{"id":5661,"href":"https:\/\/overqvyc.com\/index.php\/wp-json\/wp\/v2\/pages\/5539\/revisions\/5661"}],"wp:attachment":[{"href":"https:\/\/overqvyc.com\/index.php\/wp-json\/wp\/v2\/media?parent=5539"}],"curies":[{"name":"wp","href":"https:\/\/api.w.org\/{rel}","templated":true}]}}